{"id":1005,"date":"2024-12-04T13:27:50","date_gmt":"2024-12-04T12:27:50","guid":{"rendered":"https:\/\/mediqskin.pl\/sklep\/?post_type=product&#038;p=1005"},"modified":"2024-12-04T13:31:47","modified_gmt":"2024-12-04T12:31:47","slug":"matcha-extreme","status":"publish","type":"product","link":"https:\/\/mediqskin.pl\/sklep\/produkt\/matcha-extreme\/","title":{"rendered":"Matcha Extreme"},"content":{"rendered":"<p>W poszukiwaniu skutecznych metod na wspomaganie procesu odchudzania, warto zwr\u00f3ci\u0107 uwag\u0119 na <strong>Matcha Extreme<\/strong>. To suplement diety, kt\u00f3ry \u0142\u0105czy w sobie moc zielonej herbaty matcha oraz inne naturalne sk\u0142adniki, maj\u0105ce na celu popraw\u0119 metabolizmu i kontrol\u0119 apetytu. Dzi\u0119ki unikalnej formule, Matcha Extreme mo\u017ce by\u0107 kluczem do osi\u0105gni\u0119cia wymarzonej sylwetki oraz zwi\u0119kszenia poziomu energii. W tym artykule przyjrzymy si\u0119 dok\u0142adnie temu produktowi, jego sk\u0142adnikom, dzia\u0142aniu oraz opinii u\u017cytkownik\u00f3w.<\/p>\n<figure class=\"wp-block-table is-style-regular\">\n<table class=\"has-fixed-layout\">\n<tbody>\n<tr style=\"height: 13px;\">\n<td style=\"height: 13px;\"><strong>Nazwa produktu<\/strong><\/td>\n<td style=\"height: 13px;\">Matcha Extreme<\/td>\n<\/tr>\n<tr style=\"height: 14px;\">\n<td style=\"height: 14px;\"><strong>Opinie o produkcie<\/strong><\/td>\n<td style=\"height: 14px;\">\u2b50\u2b50\u2b50\u2b50\u2b50<\/td>\n<\/tr>\n<tr style=\"height: 13px;\">\n<td style=\"height: 13px;\"><strong>Cena produktu<\/strong><\/td>\n<td style=\"height: 13px;\">94,99 z\u0142 <del>189,99 z\u0142<\/del><\/td>\n<\/tr>\n<tr style=\"height: 14px;\">\n<td style=\"height: 14px;\"><strong>Forma produktu<\/strong><\/td>\n<td style=\"height: 14px;\">Proszek<\/td>\n<\/tr>\n<tr style=\"height: 14px;\">\n<td style=\"height: 14px;\"><strong>Sk\u0142ad produktu<\/strong><\/td>\n<td style=\"height: 14px;\">\n<ul>\n<li>Zielona herbata matcha (4500 mg)<\/li>\n<li>Sproszkowana spirulina (1800 mg)<\/li>\n<li>Ekstrakt z owoc\u00f3w opuncji figowej (1000 mg)<\/li>\n<li>Ekstrakt z owoc\u00f3w aceroli (700 mg)<\/li>\n<li>Kofeina naturalna (100 mg)<\/li>\n<li>L-karnityna (300 mg)<\/li>\n<li>B\u0142onnik pokarmowy (inulina) (500 mg)<\/li>\n<li>Piknogenol (ekstrakt z sosny) (100 mg)<\/li>\n<\/ul>\n<\/td>\n<\/tr>\n<\/tbody>\n<\/table>\n<\/figure>\n<h2>Co to jest Matcha Extreme?<\/h2>\n<p><strong>Matcha Extreme<\/strong> to suplement diety w formie proszku, kt\u00f3ry bazuje na ekstrakcie zielonej herbaty matcha. Jest on znany z wysokiej zawarto\u015bci przeciwutleniaczy oraz katechin, kt\u00f3re wspieraj\u0105 procesy metaboliczne i przyspieszaj\u0105 spalanie t\u0142uszczu. Produkt ten jest stworzony dla os\u00f3b pragn\u0105cych zredukowa\u0107 mas\u0119 cia\u0142a oraz poprawi\u0107 og\u00f3lne samopoczucie. Dzi\u0119ki starannie dobranym sk\u0142adnikom, Matcha Extreme dzia\u0142a na wielu p\u0142aszczyznach, co czyni go skutecznym wsparciem w odchudzaniu.<\/p>\n<h2>Wskazania do stosowania<\/h2>\n<figure class=\"wp-block-table is-style-regular\">\n<table class=\"has-fixed-layout\">\n<tbody>\n<tr style=\"height: 13px;\">\n<td style=\"height: 13px;\"><strong>Wskazania do stosowania<\/strong><\/td>\n<td style=\"height: 13px;\">Zalecane dla os\u00f3b:<\/td>\n<\/tr>\n<tr style=\"height: 14px;\">\n<td style=\"height: 14px;\">1.<\/td>\n<td style=\"height: 14px;\">Chc\u0105cych wspiera\u0107 proces odchudzania.<\/td>\n<\/tr>\n<tr style=\"height: 13px;\">\n<td style=\"height: 13px;\">2.<\/td>\n<td style=\"height: 13px;\">Pragn\u0105cych zwi\u0119kszy\u0107 poziom energii.<\/td>\n<\/tr>\n<tr style=\"height: 14px;\">\n<td style=\"height: 14px;\">3.<\/td>\n<td style=\"height: 14px;\">Szukaj\u0105cych naturalnych sk\u0142adnik\u00f3w do uzupe\u0142nienia diety.<\/td>\n<\/tr>\n<tr style=\"height: 14px;\">\n<td style=\"height: 14px;\">4.<\/td>\n<td style=\"height: 14px;\">Chc\u0105cych poprawi\u0107 metabolizm i kontrolowa\u0107 poziom cukru oraz cholesterolu.<\/td>\n<\/tr>\n<\/tbody>\n<\/table>\n<\/figure>\n<h2>Jak dzia\u0142a Matcha Extreme?<\/h2>\n<p>Dzia\u0142anie <strong>Matcha Extreme<\/strong> opiera si\u0119 na synergicznym wp\u0142ywie jego sk\u0142adnik\u00f3w. G\u0142\u00f3wne mechanizmy dzia\u0142ania obejmuj\u0105:<\/p>\n<ul>\n<li><strong>Przyspieszenie metabolizmu:<\/strong> Zielona herbata matcha jest bogata w katechiny, zw\u0142aszcza EGCG (epigallokatechina galusan), kt\u00f3re przyspieszaj\u0105 procesy metaboliczne i wspomagaj\u0105 spalanie t\u0142uszczu. Badania wykaza\u0142y, \u017ce regularne spo\u017cycie matchy mo\u017ce zwi\u0119kszy\u0107 tempo metabolizmu nawet o 4-5%.<\/li>\n<li><strong>Redukcja apetytu:<\/strong> Sk\u0142adniki takie jak spirulina pomagaj\u0105 w uczuciu syto\u015bci, co mo\u017ce ograniczy\u0107 spo\u017cycie kalorii. Spirulina jest bogata w bia\u0142ko, co sprawia, \u017ce jest doskona\u0142ym dodatkiem do diety dla os\u00f3b chc\u0105cych kontrolowa\u0107 wag\u0119.<\/li>\n<li><strong>Termogeneza:<\/strong> Matcha Extreme zwi\u0119ksza produkcj\u0119 ciep\u0142a w organizmie, co przyczynia si\u0119 do wi\u0119kszego spalania kalorii nawet w spoczynku. Termogeneza to proces, w kt\u00f3rym organizm produkuje ciep\u0142o poprzez spalanie kalorii.<\/li>\n<li><strong>Wsparcie detoksykacji:<\/strong> Naturalne sk\u0142adniki wspomagaj\u0105 oczyszczanie organizmu z toksyn. Matcha zawiera wiele przeciwutleniaczy, kt\u00f3re pomagaj\u0105 neutralizowa\u0107 wolne rodniki i wspieraj\u0105 funkcj\u0119 w\u0105troby.<\/li>\n<\/ul>\n<h2>Kto powinien stosowa\u0107 Matcha Extreme?<\/h2>\n<p><strong>Matcha Extreme<\/strong> jest polecany dla os\u00f3b pragn\u0105cych zredukowa\u0107 mas\u0119 cia\u0142a oraz poprawi\u0107 swoje samopoczucie. Osoby aktywne fizycznie mog\u0105 r\u00f3wnie\u017c skorzysta\u0107 z jego w\u0142a\u015bciwo\u015bci zwi\u0119kszaj\u0105cych energi\u0119 i wytrzyma\u0142o\u015b\u0107 podczas trening\u00f3w. Suplement ten mo\u017ce by\u0107 tak\u017ce dobrym rozwi\u0105zaniem dla tych, kt\u00f3rzy szukaj\u0105 naturalnych metod wspomagaj\u0105cych odchudzanie oraz poprawiaj\u0105cych metabolizm.<\/p>\n<h2>Przeciwwskazania<\/h2>\n<p>Mimo \u017ce <strong>Matcha Extreme<\/strong> jest naturalnym suplementem diety, istniej\u0105 pewne przeciwwskazania do jego stosowania:<\/p>\n<ul>\n<li>Ci\u0105\u017ca i karmienie piersi\u0105 \u2013 nie zaleca si\u0119 stosowania bez konsultacji z lekarzem.<\/li>\n<li>Alergia na kt\u00f3rykolwiek ze sk\u0142adnik\u00f3w \u2013 przed u\u017cyciem nale\u017cy sprawdzi\u0107 sk\u0142ad produktu.<\/li>\n<li>Leki wp\u0142ywaj\u0105ce na metabolizm \u2013 osoby przyjmuj\u0105ce takie leki powinny skonsultowa\u0107 si\u0119 z lekarzem przed rozpocz\u0119ciem suplementacji.<\/li>\n<li>Powy\u017cej okre\u015blonej dawki kofeiny \u2013 osoby wra\u017cliwe na kofein\u0119 powinny zachowa\u0107 ostro\u017cno\u015b\u0107 ze wzgl\u0119du na obecno\u015b\u0107 naturalnej kofeiny w sk\u0142adzie.<\/li>\n<\/ul>\n<h2>Sk\u0142ad Matcha Extreme<\/h2>\n<figure class=\"wp-block-table is-style-regular\">\n<table class=\"has-fixed-layout\">\n<tbody>\n<tr style=\"height: 13px;\">\n<td style=\"height: 13px;\"><strong>Nazwa sk\u0142adnika<\/strong><\/td>\n<td style=\"height: 13px;\"><strong>Ilo\u015b\u0107 w porcji (4 g)<\/strong><\/td>\n<\/tr>\n<tr style=\"height: 14px;\">\n<td style=\"height: 14px;\">Zielona herbata matcha<\/td>\n<td style=\"height: 14px;\">4500 mg<\/td>\n<\/tr>\n<tr style=\"height: 13px;\">\n<td style=\"height: 13px;\">Sproszkowana spirulina<\/td>\n<td style=\"height: 13px;\">1800 mg<\/td>\n<\/tr>\n<tr style=\"height: 14px;\">\n<td style=\"height: 14px;\">Ekstrakt z owoc\u00f3w opuncji figowej<\/td>\n<td style=\"height: 14px;\">1000 mg<\/td>\n<\/tr>\n<tr style=\"height: 14px;\">\n<td style=\"height: 14px;\">Ekstrakt z owoc\u00f3w aceroli<\/td>\n<td style=\"height: 14px;\">700 mg<\/td>\n<\/tr>\n<tr style=\"height: 14px;\">\n<td style=\"height: 14px;\">Kofeina naturalna<\/td>\n<td style=\"height: 14px;\">100 mg<\/td>\n<\/tr>\n<tr style=\"height: 14px;\">\n<td style=\"height: 14px;\">L-karnityna <\/td>\n<td style=\"height: 14px;\">300 mg <\/td>\n<\/tr>\n<tr>\n<td height=\u201c15\u201d><strong>B\u0142onnik pokarmowy (inulina)<\/strong><\/td>\n<td height=\u201c15\u201d>\n    <strong>(500 mg)<\/strong><\/td>\n<\/tr>\n<tr height=\u201c15\u201d>\n<td height=\u201c15\u201d>\n    <strong>Piknogenol (ekstrakt z sosny)<\/strong><\/td>\n<td height=\u201c15\u201d><strong>(100 mg)<\/strong><\/td>\n<\/tr>\n<\/tbody>\n<\/table>\n<\/figure>\n<h2>Skutki uboczne Matcha Extreme<\/h2>\n<p>Mimo \u017ce <strong>Matcha Extreme<\/strong> jest produktem opartym na naturalnych sk\u0142adnikach, mog\u0105 wyst\u0105pi\u0107 pewne skutki uboczne:<\/p>\n<ul>\n<li>Nadmierna pobudliwo\u015b\u0107 \u2013 ze wzgl\u0119du na zawarto\u015b\u0107 kofeiny niekt\u00f3re osoby mog\u0105 odczuwa\u0107 nadmiern\u0105 energi\u0119 lub nerwowo\u015b\u0107.<\/li>\n<li>B\u00f3le g\u0142owy \u2013 mog\u0105 wyst\u0105pi\u0107 u os\u00f3b wra\u017cliwych na kofein\u0119 lub inne sk\u0142adniki aktywne.<\/li>\n<li>Trawienie \u2013 niekt\u00f3re osoby mog\u0105 odczuwa\u0107 dyskomfort \u017co\u0142\u0105dkowy po spo\u017cyciu suplementu.<\/li>\n<li>Alergie sk\u00f3rne \u2013 rzadko mog\u0105 wyst\u0105pi\u0107 reakcje alergiczne na sk\u0142adniki suplementu.<\/li>\n<\/ul>\n<h2>Jak stosowa\u0107 Matcha Extreme? Dawkowanie<\/h2>\n<p>Zaleca si\u0119 przygotowanie napoju z <strong>Matcha Extreme<\/strong>, mieszaj\u0105c oko\u0142o cztery gramy proszku z oko\u0142o <em>150-200 ml ciep\u0142ej wody <\/em>. Mo\u017cna go r\u00f3wnie\u017c dodawa\u0107 do smoothie lub jogurtu. Dawkowanie powinno by\u0107 dostosowane do indywidualnych potrzeb; zwykle zaleca si\u0119 stosowanie dw\u00f3ch porcji dziennie \u2013 rano i po po\u0142udniu \u2013 aby uzyska\u0107 najlepsze efekty. Wa\u017cne jest, aby nie przekracza\u0107 zalecanej porcji dziennej i zawsze s\u0142ucha\u0107 swojego organizmu podczas suplementacji.<\/p>\n<h2>Matcha Extreme \u2013 Efekty stosowania <\/h2>\n<p>Dzi\u0119ki regularnemu stosowaniu <strong>Matcha Extreme <\/strong>, u\u017cytkownicy mog\u0105 zauwa\u017cy\u0107 znaczn\u0105 popraw\u0119 samopoczucia oraz efektywno\u015bci trening\u00f3w. Oto niekt\u00f3re z efekt\u00f3w:<\/p>\n<ul>\n<li><em>Zwi\u0119kszona energia:<\/em> U\u017cytkownicy cz\u0119sto zg\u0142aszaj\u0105 wzrost poziomu energii po spo\u017cyciu suplementu, co pozwala na bardziej intensywne treningi i lepsze wyniki sportowe.<\/li>\n<li><em>Szybsza utrata masy cia\u0142a:<\/em> Dzi\u0119ki przyspieszeniu metabolizmu i redukcji apetytu, wiele os\u00f3b zauwa\u017ca efekty odchudzania ju\u017c po kilku tygodniach stosowania.<\/li>\n<li><em>Lepiej kontrolowany apetyt:<\/em>Zawarte w produkcie sk\u0142adniki pomagaj\u0105 utrzyma\u0107 uczucie syto\u015bci przez d\u0142u\u017cszy czas, co u\u0142atwia unikanie podjadania mi\u0119dzy posi\u0142kami.<\/li>\n<\/ul>\n<h2>Matcha Extreme &#8211; Opinie i Recenzje z Forum <\/h2>\n<p>Aby lepiej pozna\u0107 dzia\u0142anie <strong>Matcha Extreme <\/strong>, warto zapozna\u0107 si\u0119 z opiniami u\u017cytkownik\u00f3w oraz ekspert\u00f3w. Oto podsumowanie ich do\u015bwiadcze\u0144:<\/p>\n<h3>Opinie lekarzy:<\/h3>\n<blockquote><p>&#8222;Jako dietetyk cz\u0119sto polecam moim pacjentom suplementy diety wspieraj\u0105ce proces odchudzania. <strong>Matcha Extreme <\/strong>wyr\u00f3\u017cnia si\u0119 naturalnym sk\u0142adem oraz udowodnionym dzia\u0142aniem przyspieszaj\u0105cym metabolizm. Osoby stosuj\u0105ce ten suplement zg\u0142aszaj\u0105 pozytywne efekty ju\u017c po kilku tygodniach regularnego u\u017cycia.&#8221; &#8211; Dr Anna Kowalska, dietetyk kliniczny.<\/p><\/blockquote>\n<blockquote><p>&#8222;Zielona herbata matcha ma wiele korzystnych w\u0142a\u015bciwo\u015bci zdrowotnych. Uwa\u017cam, \u017ce <strong>Matcha Extreme <\/strong>, jako produkt oparty na tej herbacie, mo\u017ce by\u0107 pomocny dla os\u00f3b pragn\u0105cych schudn\u0105\u0107. Wa\u017cne jest jednak, aby pami\u0119ta\u0107 o zdrowej diecie i aktywno\u015bci fizycznej.&#8221; &#8211; Dr Piotr Nowak, specjalista ds. \u017cywienia.<\/p><\/blockquote>\n<h3>Poztywne opinie u\u017cytkownik\u00f3w:<\/h3>\n<p>&#8222;Po rozpocz\u0119ciu kuracji <strong>Matcha Extreme <\/strong>, zauwa\u017cy\u0142am znaczn\u0105 popraw\u0119 mojej energii podczas trening\u00f3w! Uda\u0142o mi si\u0119 schudn\u0105\u0107 kilka kilogram\u00f3w bez wi\u0119kszego wysi\u0142ku.&#8221; &#8211; Marta K., aktywna u\u017cytkowniczka.<\/p>\n<p>&#8222;Ten suplement naprawd\u0119 dzia\u0142a! Zmniejszy\u0142 m\u00f3j apetyt i czuj\u0119 si\u0119 znacznie lepiej. Polecam go ka\u017cdemu!&#8221; &#8211; Tomasz R., entuzjasta zdrowego stylu \u017cycia.<\/p>\n<h3>Negatywna opinia u\u017cytkownika:<\/h3>\n<blockquote><p>&#8222;Niestety mia\u0142em problemy \u017co\u0142\u0105dkowe po rozpocz\u0119ciu suplementacji <strong>Matcha Extreme <\/strong>. Mo\u017ce to by\u0107 spowodowane moj\u0105 wra\u017cliwo\u015bci\u0105 na kofein\u0119.&#8221; &#8211; Kasia L., u\u017cytkowniczka.<\/p><\/blockquote>\n<p>Mimo negatywnych do\u015bwiadcze\u0144 niekt\u00f3rzy u\u017cytkownicy podkre\u015blaj\u0105 korzy\u015bci p\u0142yn\u0105ce ze stosowania tego suplementu oraz jego naturalny sk\u0142ad jako atut.<\/p>\n<h2>Jaka jest cena Matcha Extreme? Gdzie kupi\u0107?<\/h2>\n<p>Cena <strong>Matcha Extreme <\/strong>waha si\u0119 od <em>94,99 z\u0142<\/em> do oko\u0142o <del>189,99 z\u0142 <\/del>. Suplement ten dost\u0119pny jest tylko na oficjalnej stronie producenta. Zakup przez oficjalny kana\u0142 dystrybucji gwarantuje otrzymanie oryginalnego produktu o wysokiej jako\u015bci. Nale\u017cy unika\u0107 zakup\u00f3w w aptekach czy sklepach internetowych typu Allegro czy Amazon, poniewa\u017c istnieje ryzyko nabycia podr\u00f3bek lub nieoryginalnych produkt\u00f3w.<\/p>\n<h2>Podsumowanie opinii o Matcha Extreme <\/h2>\n<p>Zar\u00f3wno opinie u\u017cytkownik\u00f3w jak i specjalist\u00f3w wskazuj\u0105 na pozytywne dzia\u0142anie <strong >Matcha Extreme <\/strong>. Suplement ten wyr\u00f3\u017cnia si\u0119 naturalnym sk\u0142adem oraz skuteczno\u015bci\u0105 we wspomaganiu procesu odchudzania. Warto jednak pami\u0119ta\u0107 o indywidualnych reakcjach organizmu oraz konieczno\u015bci konsultacji z lekarzem przed rozpocz\u0119ciem kuracji. Regularne stosowanie tego preparatu mo\u017ce przynie\u015b\u0107 wymierne efekty w postaci utraty masy cia\u0142a oraz zwi\u0119kszenia energii podczas codziennych aktywno\u015bci fizycznych.<\/p>\n","protected":false},"excerpt":{"rendered":"<p>W poszukiwaniu skutecznych metod na wspomaganie procesu odchudzania, warto zwr\u00f3ci\u0107 uwag\u0119 na Matcha Extreme. To suplement diety, kt\u00f3ry \u0142\u0105czy w sobie moc zielonej herbaty matcha oraz inne naturalne sk\u0142adniki, maj\u0105ce na celu popraw\u0119 metabolizmu i kontrol\u0119 apetytu. Dzi\u0119ki unikalnej formule, Matcha Extreme mo\u017ce by\u0107 kluczem do osi\u0105gni\u0119cia wymarzonej sylwetki oraz zwi\u0119kszenia poziomu energii. W tym &#8230; <a title=\"Matcha Extreme\" class=\"read-more\" href=\"https:\/\/mediqskin.pl\/sklep\/produkt\/matcha-extreme\/\" aria-label=\"Read more about Matcha Extreme\">Dowiedz si\u0119 wi\u0119cej<\/a><\/p>\n","protected":false},"featured_media":1007,"template":"","meta":[],"product_cat":[26],"product_tag":[],"class_list":{"0":"post-1005","1":"product","2":"type-product","3":"status-publish","4":"has-post-thumbnail","6":"product_cat-odchudzanie","7":"sales-flash-overlay","8":"woocommerce-text-align-left","9":"woocommerce-image-align-center","10":"do-quantity-buttons","12":"first","13":"instock","14":"sale","15":"shipping-taxable","16":"product-type-external"},"yoast_head":"<!-- This site is optimized with the Yoast SEO plugin v23.9 - https:\/\/yoast.com\/wordpress\/plugins\/seo\/ -->\n<title>Matcha Extreme - Opinie ludzi, Sk\u0142ad, Cena, Gdzie kupi\u0107? Forum<\/title>\n<meta name=\"robots\" content=\"index, follow, max-snippet:-1, max-image-preview:large, max-video-preview:-1\" \/>\n<link rel=\"canonical\" href=\"https:\/\/mediqskin.pl\/sklep\/produkt\/matcha-extreme\/\" \/>\n<meta property=\"og:locale\" content=\"pl_PL\" \/>\n<meta property=\"og:type\" content=\"article\" \/>\n<meta property=\"og:title\" content=\"Matcha Extreme - Opinie ludzi, Sk\u0142ad, Cena, Gdzie kupi\u0107? Forum\" \/>\n<meta property=\"og:description\" content=\"W poszukiwaniu skutecznych metod na wspomaganie procesu odchudzania, warto zwr\u00f3ci\u0107 uwag\u0119 na Matcha Extreme. To suplement diety, kt\u00f3ry \u0142\u0105czy w sobie moc zielonej herbaty matcha oraz inne naturalne sk\u0142adniki, maj\u0105ce na celu popraw\u0119 metabolizmu i kontrol\u0119 apetytu. Dzi\u0119ki unikalnej formule, Matcha Extreme mo\u017ce by\u0107 kluczem do osi\u0105gni\u0119cia wymarzonej sylwetki oraz zwi\u0119kszenia poziomu energii. W tym ... Dowiedz si\u0119 wi\u0119cej\" \/>\n<meta property=\"og:url\" content=\"https:\/\/mediqskin.pl\/sklep\/produkt\/matcha-extreme\/\" \/>\n<meta property=\"og:site_name\" content=\"MediqSkin.pl\" \/>\n<meta property=\"article:modified_time\" content=\"2024-12-04T12:31:47+00:00\" \/>\n<meta property=\"og:image\" content=\"https:\/\/mediqskin.pl\/sklep\/wp-content\/uploads\/2024\/12\/matcha-extreme-opinie.jpg\" \/>\n\t<meta property=\"og:image:width\" content=\"600\" \/>\n\t<meta property=\"og:image:height\" content=\"600\" \/>\n\t<meta property=\"og:image:type\" content=\"image\/jpeg\" \/>\n<meta name=\"twitter:card\" content=\"summary_large_image\" \/>\n<meta name=\"twitter:label1\" content=\"Szacowany czas czytania\" \/>\n\t<meta name=\"twitter:data1\" content=\"7 minut\" \/>\n<script type=\"application\/ld+json\" class=\"yoast-schema-graph\">{\"@context\":\"https:\/\/schema.org\",\"@graph\":[{\"@type\":\"WebPage\",\"@id\":\"https:\/\/mediqskin.pl\/sklep\/produkt\/matcha-extreme\/\",\"url\":\"https:\/\/mediqskin.pl\/sklep\/produkt\/matcha-extreme\/\",\"name\":\"Matcha Extreme - Opinie ludzi, Sk\u0142ad, Cena, Gdzie kupi\u0107? Forum\",\"isPartOf\":{\"@id\":\"https:\/\/mediqskin.pl\/sklep\/#website\"},\"primaryImageOfPage\":{\"@id\":\"https:\/\/mediqskin.pl\/sklep\/produkt\/matcha-extreme\/#primaryimage\"},\"image\":{\"@id\":\"https:\/\/mediqskin.pl\/sklep\/produkt\/matcha-extreme\/#primaryimage\"},\"thumbnailUrl\":\"https:\/\/mediqskin.pl\/sklep\/wp-content\/uploads\/2024\/12\/matcha-extreme-opinie.jpg\",\"datePublished\":\"2024-12-04T12:27:50+00:00\",\"dateModified\":\"2024-12-04T12:31:47+00:00\",\"breadcrumb\":{\"@id\":\"https:\/\/mediqskin.pl\/sklep\/produkt\/matcha-extreme\/#breadcrumb\"},\"inLanguage\":\"pl-PL\",\"potentialAction\":[{\"@type\":\"ReadAction\",\"target\":[\"https:\/\/mediqskin.pl\/sklep\/produkt\/matcha-extreme\/\"]}]},{\"@type\":\"ImageObject\",\"inLanguage\":\"pl-PL\",\"@id\":\"https:\/\/mediqskin.pl\/sklep\/produkt\/matcha-extreme\/#primaryimage\",\"url\":\"https:\/\/mediqskin.pl\/sklep\/wp-content\/uploads\/2024\/12\/matcha-extreme-opinie.jpg\",\"contentUrl\":\"https:\/\/mediqskin.pl\/sklep\/wp-content\/uploads\/2024\/12\/matcha-extreme-opinie.jpg\",\"width\":600,\"height\":600},{\"@type\":\"BreadcrumbList\",\"@id\":\"https:\/\/mediqskin.pl\/sklep\/produkt\/matcha-extreme\/#breadcrumb\",\"itemListElement\":[{\"@type\":\"ListItem\",\"position\":1,\"name\":\"Strona g\u0142\u00f3wna\",\"item\":\"https:\/\/mediqskin.pl\/sklep\/\"},{\"@type\":\"ListItem\",\"position\":2,\"name\":\"Produkty\",\"item\":\"https:\/\/mediqskin.pl\/sklep\/shop\/\"},{\"@type\":\"ListItem\",\"position\":3,\"name\":\"Matcha Extreme\"}]},{\"@type\":\"WebSite\",\"@id\":\"https:\/\/mediqskin.pl\/sklep\/#website\",\"url\":\"https:\/\/mediqskin.pl\/sklep\/\",\"name\":\"MediqSkin.pl\",\"description\":\"\",\"potentialAction\":[{\"@type\":\"SearchAction\",\"target\":{\"@type\":\"EntryPoint\",\"urlTemplate\":\"https:\/\/mediqskin.pl\/sklep\/?s={search_term_string}\"},\"query-input\":{\"@type\":\"PropertyValueSpecification\",\"valueRequired\":true,\"valueName\":\"search_term_string\"}}],\"inLanguage\":\"pl-PL\"}]}<\/script>\n<!-- \/ Yoast SEO plugin. -->","yoast_head_json":{"title":"Matcha Extreme - Opinie ludzi, Sk\u0142ad, Cena, Gdzie kupi\u0107? Forum","robots":{"index":"index","follow":"follow","max-snippet":"max-snippet:-1","max-image-preview":"max-image-preview:large","max-video-preview":"max-video-preview:-1"},"canonical":"https:\/\/mediqskin.pl\/sklep\/produkt\/matcha-extreme\/","og_locale":"pl_PL","og_type":"article","og_title":"Matcha Extreme - Opinie ludzi, Sk\u0142ad, Cena, Gdzie kupi\u0107? Forum","og_description":"W poszukiwaniu skutecznych metod na wspomaganie procesu odchudzania, warto zwr\u00f3ci\u0107 uwag\u0119 na Matcha Extreme. To suplement diety, kt\u00f3ry \u0142\u0105czy w sobie moc zielonej herbaty matcha oraz inne naturalne sk\u0142adniki, maj\u0105ce na celu popraw\u0119 metabolizmu i kontrol\u0119 apetytu. Dzi\u0119ki unikalnej formule, Matcha Extreme mo\u017ce by\u0107 kluczem do osi\u0105gni\u0119cia wymarzonej sylwetki oraz zwi\u0119kszenia poziomu energii. W tym ... Dowiedz si\u0119 wi\u0119cej","og_url":"https:\/\/mediqskin.pl\/sklep\/produkt\/matcha-extreme\/","og_site_name":"MediqSkin.pl","article_modified_time":"2024-12-04T12:31:47+00:00","og_image":[{"width":600,"height":600,"url":"https:\/\/mediqskin.pl\/sklep\/wp-content\/uploads\/2024\/12\/matcha-extreme-opinie.jpg","type":"image\/jpeg"}],"twitter_card":"summary_large_image","twitter_misc":{"Szacowany czas czytania":"7 minut"},"schema":{"@context":"https:\/\/schema.org","@graph":[{"@type":"WebPage","@id":"https:\/\/mediqskin.pl\/sklep\/produkt\/matcha-extreme\/","url":"https:\/\/mediqskin.pl\/sklep\/produkt\/matcha-extreme\/","name":"Matcha Extreme - Opinie ludzi, Sk\u0142ad, Cena, Gdzie kupi\u0107? Forum","isPartOf":{"@id":"https:\/\/mediqskin.pl\/sklep\/#website"},"primaryImageOfPage":{"@id":"https:\/\/mediqskin.pl\/sklep\/produkt\/matcha-extreme\/#primaryimage"},"image":{"@id":"https:\/\/mediqskin.pl\/sklep\/produkt\/matcha-extreme\/#primaryimage"},"thumbnailUrl":"https:\/\/mediqskin.pl\/sklep\/wp-content\/uploads\/2024\/12\/matcha-extreme-opinie.jpg","datePublished":"2024-12-04T12:27:50+00:00","dateModified":"2024-12-04T12:31:47+00:00","breadcrumb":{"@id":"https:\/\/mediqskin.pl\/sklep\/produkt\/matcha-extreme\/#breadcrumb"},"inLanguage":"pl-PL","potentialAction":[{"@type":"ReadAction","target":["https:\/\/mediqskin.pl\/sklep\/produkt\/matcha-extreme\/"]}]},{"@type":"ImageObject","inLanguage":"pl-PL","@id":"https:\/\/mediqskin.pl\/sklep\/produkt\/matcha-extreme\/#primaryimage","url":"https:\/\/mediqskin.pl\/sklep\/wp-content\/uploads\/2024\/12\/matcha-extreme-opinie.jpg","contentUrl":"https:\/\/mediqskin.pl\/sklep\/wp-content\/uploads\/2024\/12\/matcha-extreme-opinie.jpg","width":600,"height":600},{"@type":"BreadcrumbList","@id":"https:\/\/mediqskin.pl\/sklep\/produkt\/matcha-extreme\/#breadcrumb","itemListElement":[{"@type":"ListItem","position":1,"name":"Strona g\u0142\u00f3wna","item":"https:\/\/mediqskin.pl\/sklep\/"},{"@type":"ListItem","position":2,"name":"Produkty","item":"https:\/\/mediqskin.pl\/sklep\/shop\/"},{"@type":"ListItem","position":3,"name":"Matcha Extreme"}]},{"@type":"WebSite","@id":"https:\/\/mediqskin.pl\/sklep\/#website","url":"https:\/\/mediqskin.pl\/sklep\/","name":"MediqSkin.pl","description":"","potentialAction":[{"@type":"SearchAction","target":{"@type":"EntryPoint","urlTemplate":"https:\/\/mediqskin.pl\/sklep\/?s={search_term_string}"},"query-input":{"@type":"PropertyValueSpecification","valueRequired":true,"valueName":"search_term_string"}}],"inLanguage":"pl-PL"}]}},"_links":{"self":[{"href":"https:\/\/mediqskin.pl\/sklep\/wp-json\/wp\/v2\/product\/1005","targetHints":{"allow":["GET"]}}],"collection":[{"href":"https:\/\/mediqskin.pl\/sklep\/wp-json\/wp\/v2\/product"}],"about":[{"href":"https:\/\/mediqskin.pl\/sklep\/wp-json\/wp\/v2\/types\/product"}],"wp:featuredmedia":[{"embeddable":true,"href":"https:\/\/mediqskin.pl\/sklep\/wp-json\/wp\/v2\/media\/1007"}],"wp:attachment":[{"href":"https:\/\/mediqskin.pl\/sklep\/wp-json\/wp\/v2\/media?parent=1005"}],"wp:term":[{"taxonomy":"product_cat","embeddable":true,"href":"https:\/\/mediqskin.pl\/sklep\/wp-json\/wp\/v2\/product_cat?post=1005"},{"taxonomy":"product_tag","embeddable":true,"href":"https:\/\/mediqskin.pl\/sklep\/wp-json\/wp\/v2\/product_tag?post=1005"}],"curies":[{"name":"wp","href":"https:\/\/api.w.org\/{rel}","templated":true}]}}