{"id":1650,"date":"2025-01-05T13:26:11","date_gmt":"2025-01-05T12:26:11","guid":{"rendered":"https:\/\/mediqskin.pl\/sklep\/?post_type=product&#038;p=1650"},"modified":"2025-01-05T13:29:48","modified_gmt":"2025-01-05T12:29:48","slug":"proctowell","status":"publish","type":"product","link":"https:\/\/mediqskin.pl\/sklep\/produkt\/proctowell\/","title":{"rendered":"Proctowell"},"content":{"rendered":"<p>Hemoroidy to powszechny problem, kt\u00f3ry dotyka wiele os\u00f3b na ca\u0142ym \u015bwiecie. Objawiaj\u0105 si\u0119 one b\u00f3lem, sw\u0119dzeniem oraz dyskomfortem w okolicy odbytu. W odpowiedzi na te dolegliwo\u015bci, powsta\u0142 Proctowell \u2013 preparat stworzony z my\u015bl\u0105 o osobach cierpi\u0105cych na hemoroidy. Proctowell to naturalny suplement diety w formie kremu, kt\u00f3ry ma na celu \u0142agodzenie objaw\u00f3w zwi\u0105zanych z t\u0105 przypad\u0142o\u015bci\u0105, poprawiaj\u0105c komfort \u017cycia pacjent\u00f3w.<\/p>\n<table style=\"width: 100%; border-collapse: collapse; font-family: Arial, sans-serif; border: 1px solid #ddd;\">\n<thead>\n<tr style=\"background-color: #f4f4f4; text-align: left;\">\n<th style=\"padding: 10px; border: 1px solid #ddd;\">Kategoria<\/th>\n<th style=\"padding: 10px; border: 1px solid #ddd;\">Informacje<\/th>\n<\/tr>\n<\/thead>\n<tbody>\n<tr>\n<td style=\"padding: 10px; border: 1px solid #ddd; font-weight: bold;\">Nazwa produktu<\/td>\n<td style=\"padding: 10px; border: 1px solid #ddd;\">Proctowell<\/td>\n<\/tr>\n<tr>\n<td style=\"padding: 10px; border: 1px solid #ddd; font-weight: bold;\">Na co pomaga?<\/td>\n<td style=\"padding: 10px; border: 1px solid #ddd;\">\u0141agodzenie objaw\u00f3w hemoroid\u00f3w, redukcja b\u00f3lu i sw\u0119dzenia.<\/td>\n<\/tr>\n<tr>\n<td style=\"padding: 10px; border: 1px solid #ddd; font-weight: bold;\">Wskazania do stosowania<\/td>\n<td style=\"padding: 10px; border: 1px solid #ddd;\">\n<ul style=\"margin: 0; padding-left: 20px;\">\n<li>B\u00f3l i dyskomfort w okolicy odbytu.<\/li>\n<li>Sw\u0119dzenie i pieczenie.<\/li>\n<li>Stany zapalne zwi\u0105zane z hemoroidami.<\/li>\n<li>Problemy z wypr\u00f3\u017cnianiem.<\/li>\n<\/ul>\n<\/td>\n<\/tr>\n<tr>\n<td style=\"padding: 10px; border: 1px solid #ddd; font-weight: bold;\">Kto powinien stosowa\u0107?<\/td>\n<td style=\"padding: 10px; border: 1px solid #ddd;\">Osoby doros\u0142e z objawami hemoroid\u00f3w.<\/td>\n<\/tr>\n<tr>\n<td style=\"padding: 10px; border: 1px solid #ddd; font-weight: bold;\">Sk\u0142ad suplementu<\/td>\n<td style=\"padding: 10px; border: 1px solid #ddd;\">\n<ul style=\"margin: 0; padding-left: 20px;\">\n<li>Ekstrakt z kasztanowca<\/li>\n<li>Ruszczyk kolczasty<\/li>\n<li>Oczar wirginijski<\/li>\n<li>Ekstrakt z nagietka<\/li>\n<li>Aloe vera<\/li>\n<li>Witamina E<\/li>\n<li>Kwas hialuronowy<\/li>\n<li>Olejek z drzewa herbacianego<\/li>\n<li>Ekstrakt z rumianku<\/li>\n<\/ul>\n<\/td>\n<\/tr>\n<tr>\n<td style=\"padding: 10px; border: 1px solid #ddd; font-weight: bold;\">Efekty stosowania suplementu<\/td>\n<td style=\"padding: 10px; border: 1px solid #ddd;\">\n<ul style=\"margin: 0; padding-left: 20px;\">\n<li>Redukcja b\u00f3lu i dyskomfortu.<\/li>\n<li>Zmniejszenie stanu zapalnego.<\/li>\n<li>Poprawa kondycji sk\u00f3ry w okolicy odbytu.<\/li>\n<li>U\u0142atwienie wypr\u00f3\u017cniania.<\/li>\n<\/ul>\n<\/td>\n<\/tr>\n<tr>\n<td style=\"padding: 10px; border: 1px solid #ddd; font-weight: bold;\">Jak stosowa\u0107? Dawkowanie<\/td>\n<td style=\"padding: 10px; border: 1px solid #ddd;\">Aplikowa\u0107 krem miejscowo na dotkni\u0119te obszary raz lub dwa razy dziennie.<\/td>\n<\/tr>\n<tr>\n<td style=\"padding: 10px; border: 1px solid #ddd; font-weight: bold;\">Opinie u\u017cytkownik\u00f3w z forum<\/td>\n<td style=\"padding: 10px; border: 1px solid #ddd;\">U\u017cytkownicy chwal\u0105 Proctowell za szybkie efekty oraz ulg\u0119 w b\u00f3lu. Zwracaj\u0105 uwag\u0119 na naturalny sk\u0142ad i \u0142atwo\u015b\u0107 aplikacji.<\/td>\n<\/tr>\n<tr>\n<td style=\"padding: 10px; border: 1px solid #ddd; font-weight: bold;\">Jak Przechowywa\u0107?<\/td>\n<td style=\"padding: 10px; border: 1px solid #ddd;\">Przechowywa\u0107 w ch\u0142odnym i suchym miejscu, poza zasi\u0119giem dzieci.<\/td>\n<\/tr>\n<\/tbody>\n<\/table>\n<h2>Jakie s\u0105 wskazania do stosowania Proctowell?<\/h2>\n<p>Proctowell jest polecany dla os\u00f3b cierpi\u0105cych na hemoroidy oraz zwi\u0105zane z nimi objawy. Wskazania do stosowania obejmuj\u0105:<\/p>\n<ul>\n<li>B\u00f3l i dyskomfort w okolicy odbytu.<\/li>\n<li>Sw\u0119dzenie oraz pieczenie w rejonie odbytu.<\/li>\n<li>Zwi\u0119kszone stany zapalne zwi\u0105zane z hemoroidami.<\/li>\n<li>Pojawiaj\u0105ce si\u0119 problemy z wypr\u00f3\u017cnianiem.<\/li>\n<li>Zaburzenia kr\u0105\u017cenia krwi w okolicy odbytu.<\/li>\n<li>Pojawiaj\u0105ce si\u0119 krwawienia podczas wypr\u00f3\u017cnie\u0144.<\/li>\n<li>Nadmierne napi\u0119cie mi\u0119\u015bniowe w obr\u0119bie miednicy.<\/li>\n<li>Pojawiaj\u0105ce si\u0119 zmiany sk\u00f3rne wok\u00f3\u0142 odbytu.<\/li>\n<li>Nasilaj\u0105ce si\u0119 objawy po d\u0142ugotrwa\u0142ym siedzeniu lub staniu. <\/li>\n<li>Niekorzystny wp\u0142yw diety ubogiej w b\u0142onnik. <\/li>\n<\/ul>\n<h2>Jak dzia\u0142a Proctowell?<\/h2>\n<p>Dzia\u0142anie Proctowell opiera si\u0119 na naturalnych sk\u0142adnikach, kt\u00f3re maj\u0105 w\u0142a\u015bciwo\u015bci \u0142agodz\u0105ce i regeneruj\u0105ce. Oto kluczowe efekty jego stosowania:<\/p>\n<ul>\n<li><strong>Kasztanowiec:<\/strong> Wzmacnia naczynia krwiono\u015bne i wspomaga kr\u0105\u017cenie krwi, co zmniejsza obrz\u0119ki i b\u00f3l.<\/li>\n<li><strong>Ruszczyk kolczasty:<\/strong> Dzia\u0142a przeciwzapalnie, \u0142agodzi b\u00f3l i poprawia elastyczno\u015b\u0107 naczy\u0144 krwiono\u015bnych.<\/li>\n<li><strong>Oczar wirginijski:<\/strong> Zmniejsza sw\u0119dzenie oraz pieczenie, przyspiesza gojenie ran i podra\u017cnie\u0144 sk\u00f3ry.<\/li>\n<li><strong>Nagietek:<\/strong> Ma dzia\u0142anie przeciwzapalne i wspomaga regeneracj\u0119 uszkodzonej sk\u00f3ry.<\/li>\n<li><strong>Aloe vera:<\/strong> Nawil\u017ca sk\u00f3r\u0119 i przyspiesza procesy gojenia, redukuj\u0105c podra\u017cnienia. <\/li>\n<li><strong>Kwas hialuronowy:<\/strong> Utrzymuje odpowiedni poziom nawil\u017cenia sk\u00f3ry oraz wspiera regeneracj\u0119 tkanek. <\/li>\n<li><strong>Olejek z drzewa herbacianego:<\/strong> Dzia\u0142a antybakteryjnie i przeciwgrzybiczo, wspomagaj\u0105c zdrowie sk\u00f3ry. <\/li>\n<li><strong>Eksktrakt z rumianku:<\/strong>Dzia\u0142a koj\u0105co i \u0142agodz\u0105co na podra\u017cnienia sk\u00f3ry. <\/li>\n<li><strong>witamina E:<\/strong>Dzia\u0142a jako silny antyoksydant, wspieraj\u0105c zdrowie sk\u00f3ry. <\/li>\n<\/ul>\n<h2>Kto powinien stosowa\u0107 Proctowell?<\/h2>\n<p>Szczeg\u00f3lnie osoby doros\u0142e cierpi\u0105ce na hemoroidy powinny rozwa\u017cy\u0107 stosowanie Proctowell. Preparat jest odpowiedni dla tych, kt\u00f3rzy do\u015bwiadczaj\u0105:<\/p>\n<ul>\n<li>B\u00f3lu oraz dyskomfortu w okolicy odbytu;<\/li>\n<li>Zaburze\u0144 kr\u0105\u017cenia krwi;<\/li>\n<li>Pojawiaj\u0105cych si\u0119 stan\u00f3w zapalnych;<\/li>\n<\/ul>\n<h2>Przeciwwskazania do stosowania Proctowell<\/h2>\n<p>Chocia\u017c Proctowell jest produktem opartym na naturalnych sk\u0142adnikach i charakteryzuje si\u0119 wysok\u0105 tolerancj\u0105, istniej\u0105 pewne przeciwwskazania, kt\u00f3re nale\u017cy wzi\u0105\u0107 pod uwag\u0119 przed jego zastosowaniem. Poni\u017cej przedstawiamy najwa\u017cniejsze z nich:<\/p>\n<table style=\"width:100%; border-collapse: collapse; font-family:'Arial',sans-serif; border: 1px solid #ddd;\">\n<thead>\n<tr style=\"background-color: #f4f4f4;\">\n<th style=\"padding: 10px; border: 1px solid #ddd;\">Przeciwwskazanie<\/th>\n<th style=\"padding: 10px; border: 1px solid #ddd;\">Opis<\/th>\n<\/tr>\n<\/thead>\n<tbody>\n<tr>\n<td style=\"padding: 10px; border: 1px solid #ddd;\">Alergia na sk\u0142adniki<\/td>\n<td style=\"padding: 10px; border: 1px solid #ddd;\">Osoby uczulone na kt\u00f3rykolwiek ze sk\u0142adnik\u00f3w preparatu powinny unika\u0107 jego stosowania.<\/td>\n<\/tr>\n<tr>\n<td style=\"padding: 10px; border: 1px solid #ddd;\">Ci\u0105\u017ca i karmienie piersi\u0105<\/td>\n<td style=\"padding: 10px; border: 1px solid #ddd;\">Kobiety w ci\u0105\u017cy oraz matki karmi\u0105ce powinny skonsultowa\u0107 si\u0119 z lekarzem przed u\u017cyciem.<\/td>\n<\/tr>\n<tr>\n<td style=\"padding: 10px; border: 1px solid #ddd;\">Uszkodzenia sk\u00f3ry<\/td>\n<td style=\"padding: 10px; border: 1px solid #ddd;\">Nie stosowa\u0107 na otwarte rany lub powa\u017cne uszkodzenia sk\u00f3ry bez konsultacji z lekarzem.<\/td>\n<\/tr>\n<tr>\n<td style=\"padding: 10px; border: 1px solid #ddd;\">Przewlek\u0142e choroby sk\u00f3ry<\/td>\n<td style=\"padding: 10px; border: 1px solid #ddd;\">Osoby z przewlek\u0142ymi chorobami sk\u00f3ry powinny skonsultowa\u0107 si\u0119 z lekarzem przed u\u017cyciem.<\/td>\n<\/tr>\n<tr>\n<td style=\"padding: 10px; border: 1px solid #ddd;\">Dzieci poni\u017cej 12. roku \u017cycia<\/td>\n<td style=\"padding: 10px; border: 1px solid #ddd;\">Nie zaleca si\u0119 stosowania u dzieci bez zalecenia lekarza.<\/td>\n<\/tr>\n<\/tbody>\n<\/table>\n<p>Zawsze warto przed rozpocz\u0119ciem kuracji skonsultowa\u0107 si\u0119 z lekarzem, aby upewni\u0107 si\u0119, \u017ce produkt jest odpowiedni dla Twojego stanu zdrowia i nie wywo\u0142a niepo\u017c\u0105danych reakcji.<\/p>\n<h2>Sk\u0142ad Proctowell<\/h2>\n<table style=\"width:100%; border-collapse: collapse; font-family:'Arial',sans-serif; border: 1px solid #ddd;\">\n<thead>\n<tr style=\"background-color: #f4f4f4;\">\n<th style=\"padding: 10px; border: 1px solid #ddd;\">Sk\u0142adnik<\/th>\n<th style=\"padding: 10px; border: 1px solid #ddd;\">Dzia\u0142anie<\/th>\n<\/tr>\n<\/thead>\n<tbody>\n<tr>\n<td style=\"padding: 10px; border: 1px solid #ddd;\">Ekstrakt z kasztanowca<\/td>\n<td style=\"padding: 10px; border: 1px solid #ddd;\">Wzmacnia naczynia krwiono\u015bne, redukuje opuchlizn\u0119.<\/td>\n<\/tr>\n<tr>\n<td style=\"padding: 10px; border: 1px solid #ddd;\">Oczar wirginijski<\/td>\n<td style=\"padding: 10px; border: 1px solid #ddd;\">\u0141agodzi stany zapalne, dzia\u0142a \u015bci\u0105gaj\u0105co.<\/td>\n<\/tr>\n<tr>\n<td style=\"padding: 10px; border: 1px solid #ddd;\">Nagietek<\/td>\n<td style=\"padding: 10px; border: 1px solid #ddd;\">Przyspiesza proces gojenia, dzia\u0142a przeciwzapalnie.<\/td>\n<\/tr>\n<tr>\n<td style=\"padding: 10px; border: 1px solid #ddd;\">Aloes<\/td>\n<td style=\"padding: 10px; border: 1px solid #ddd;\">Nawil\u017ca, koi i regeneruje sk\u00f3r\u0119.<\/td>\n<\/tr>\n<tr>\n<td style=\"padding: 10px; border: 1px solid #ddd;\">Ruszczyk kolczasty<\/td>\n<td style=\"padding: 10px; border: 1px solid #ddd;\">Poprawia kr\u0105\u017cenie krwi, dzia\u0142a przeciwzapalnie.<\/td>\n<\/tr>\n<tr>\n<td style=\"padding: 10px; border: 1px solid #ddd;\">Olejek z drzewa herbacianego<\/td>\n<td style=\"padding: 10px; border: 1px solid #ddd;\">Dzia\u0142a antybakteryjnie i przeciwgrzybiczo.<\/td>\n<\/tr>\n<tr>\n<td style=\"padding: 10px; border: 1px solid #ddd;\">Mas\u0142o kokosowe<\/td>\n<td style=\"padding: 10px; border: 1px solid #ddd;\">Nawil\u017ca i od\u017cywia sk\u00f3r\u0119, zapobiega jej przesuszeniu.<\/td>\n<\/tr>\n<tr>\n<td style=\"padding: 10px; border: 1px solid #ddd;\">Mas\u0142o kakaowe<\/td>\n<td style=\"padding: 10px; border: 1px solid #ddd;\">Chroni sk\u00f3r\u0119 przed wysuszeniem, od\u017cywia i regeneruje.<\/td>\n<\/tr>\n<tr>\n<td style=\"padding: 10px; border: 1px solid #ddd;\">Arnika g\u00f3rska<\/td>\n<td style=\"padding: 10px; border: 1px solid #ddd;\">\u0141agodzi obrz\u0119ki, b\u00f3l i wspomaga gojenie ran.<\/td>\n<\/tr>\n<\/tbody>\n<\/table>\n<p>Proctowell zawiera starannie dobrane sk\u0142adniki naturalne, kt\u00f3re wspieraj\u0105 procesy regeneracyjne sk\u00f3ry oraz \u0142agodz\u0105 objawy hemoroid\u00f3w. Dzi\u0119ki zastosowaniu tych komponent\u00f3w, produkt minimalizuje ryzyko wyst\u0105pienia skutk\u00f3w ubocznych i jest bezpieczny dla u\u017cytkownik\u00f3w.<\/p>\n<h2>Skutki uboczne stosowania Proctowell<\/h2>\n<p>Zazwyczaj Proctowell jest dobrze tolerowany przez u\u017cytkownik\u00f3w. Niemniej jednak mog\u0105 wyst\u0105pi\u0107 pewne skutki uboczne, takie jak:<\/p>\n<ul>\n<li>Lekkie podra\u017cnienie sk\u00f3ry w miejscu aplikacji;<\/li>\n<li>Alergiczne reakcje sk\u00f3rne;<\/li>\n<li>Pieczenie lub sw\u0119dzenie po aplikacji;<\/li>\n<\/ul>\n<h2>Jak stosowa\u0107 Proctowell? Dawkowanie, ulotka<\/h2>\n<p>Aby uzyska\u0107 najlepsze efekty, nale\u017cy stosowa\u0107 Proctowell zgodnie z zaleceniami producenta. Oto kilka wskaz\u00f3wek dotycz\u0105cych dawkowania:<\/p>\n<ul>\n<li>Aplikowa\u0107 krem miejscowo na dotkni\u0119te obszary raz lub dwa razy dziennie.<\/li>\n<li>Nale\u017cy unika\u0107 kontaktu z oczami oraz b\u0142onami \u015bluzowymi.<\/li>\n<li>Przed u\u017cyciem warto wykona\u0107 test uczuleniowy na ma\u0142ej powierzchni sk\u00f3ry.<\/li>\n<\/ul>\n<h2>Proctowell \u2013 Efekty Stosowania<\/h2>\n<p>Regularne stosowanie Proctowell przynosi szereg korzy\u015bci dla os\u00f3b cierpi\u0105cych na hemoroidy. Oto niekt\u00f3re z efekt\u00f3w, kt\u00f3re mo\u017cna zauwa\u017cy\u0107 po zastosowaniu preparatu:<\/p>\n<ul>\n<li>Redukcja b\u00f3lu oraz dyskomfortu.<\/li>\n<li>Zmniejszenie stan\u00f3w zapalnych oraz obrz\u0119k\u00f3w.<\/li>\n<li>Poprawa kondycji sk\u00f3ry wok\u00f3\u0142 odbytu.<\/li>\n<li>U\u0142atwienie procesu wypr\u00f3\u017cniania.<\/li>\n<\/ul>\n<h2>Proctowell &#8211; Opinie i Recenzje z Forum<\/h2>\n<p>Opinie u\u017cytkownik\u00f3w s\u0105 kluczowym elementem oceny skuteczno\u015bci ka\u017cdego preparatu. W przypadku Proctowell przewa\u017caj\u0105 pozytywne opinie dotycz\u0105ce jego dzia\u0142ania oraz sk\u0142adu naturalnego. Oto kilka przyk\u0142ad\u00f3w opinii u\u017cytkownik\u00f3w:<\/p>\n<div class=\"opinion\">\n<p class=\"comment-name\">MartaK34 <span class=\"rating\">&#9733;&#9733;&#9733;&#9733;&#9733;<\/span><\/p>\n<blockquote>\n<p>&bdquo;Proctowell to prawdziwe odkrycie! Po kilku dniach stosowania zauwa\u017cy\u0142am znaczn\u0105 popraw\u0119. B\u00f3l ust\u0105pi\u0142, a komfort \u017cycia wzr\u00f3s\u0142.&rdquo;<\/p>\n<\/blockquote>\n<div class=\"opinion-content\">\n<div class=\"advantages\">\n<h4>Zalety:<\/h4>\n<ul>\n<li>Szybkie efekty dzia\u0142ania.<\/li>\n<li>Naturalny sk\u0142ad bez chemii.<\/li>\n<li>Dost\u0119pno\u015b\u0107 bez recepty.<\/li>\n<\/ul><\/div>\n<div class=\"disadvantages\">\n<h4>Wady:<\/h4>\n<ul>\n<li>Mog\u0105 wyst\u0105pi\u0107 lekkie podra\u017cnienia.<\/li>\n<\/ul><\/div>\n<\/p><\/div>\n<\/div>\n<div class=\"opinion\">\n<p class=\"comment-name\">KrzysztofP56 <span class=\"rating\">&#9733;&#9733;&#9733;&#9733;&#9733;<\/span><\/p>\n<blockquote>\n<p>&bdquo;Zdecydowanie polecam Proctowell! Uda\u0142o mi si\u0119 pozby\u0107 nieprzyjemnych objaw\u00f3w hemoroid\u00f3w dzi\u0119ki temu preparatowi.&rdquo;<\/p>\n<\/blockquote>\n<div class=\"opinion-content\">\n<div class=\"advantages\">\n<h4>Zalety:<\/h4>\n<ul>\n<li>Szybka ulga od b\u00f3lu.<\/li>\n<\/ul><\/div>\n<div class=\"disadvantages\">\n<h4>Wady:<\/h4>\n<ul>\n<li>Brak zauwa\u017calnych wad.<\/li>\n<\/ul><\/div>\n<\/p><\/div>\n<\/div>\n<h3>Opinie lekarzy:<\/h3>\n<div class=\"opinion\">\n<p class=\"comment-name\">Dr Nowicki <span class=\"rating\">&#9733;&#9733;&#9733;&#9733;&#9733;<\/span><\/p>\n<blockquote>\n<p>&bdquo;Zalecam Proctowell jako wsparcie dla pacjent\u00f3w cierpi\u0105cych na hemoroidy. Jego naturalny sk\u0142ad sprawia, \u017ce jest bezpieczny dla wi\u0119kszo\u015bci os\u00f3b.&rdquo;<\/p>\n<\/blockquote>\n<\/div>\n<div class=\"opinion\">\n<p class=\"comment-name\">Dr Zawadzki <span class=\"rating\">&#9733;&#9733;&#9733;&#9733;&#9733;<\/span><\/p>\n<blockquote>\n<p>&bdquo;Proctowell mo\u017ce by\u0107 skutecznym rozwi\u0105zaniem dla os\u00f3b borykaj\u0105cych si\u0119 z problemami hemoroidalnymi. Wa\u017cne jest jednak przestrzeganie zasad higieny oraz zdrowej diety.&rdquo;<\/p>\n<\/blockquote>\n<\/div>\n<h2>Cena Proctowell \u2013 Gdzie kupi\u0107?<\/h2>\n<p>Proctowell jest dost\u0119pny tylko na oficjalnej stronie producenta, co zapewnia autentyczno\u015b\u0107 produktu oraz korzystne ceny. Aktualna cena wynosi 147 z\u0142 za tubk\u0119 kremu. Zakupy przez Internet s\u0105 wygodne i szybkie, a producent cz\u0119sto oferuje r\u00f3\u017cne promocje oraz rabaty dla nowych klient\u00f3w.<\/p>\n<p>Ponadto warto pami\u0119ta\u0107 o tym, \u017ce preparat nie jest dost\u0119pny w aptekach ani popularnych serwisach sprzeda\u017cowych takich jak Allegro czy Amazon. Aby unikn\u0105\u0107 zakupu podr\u00f3bek lub nieskutecznych produkt\u00f3w, zawsze warto decydowa\u0107 si\u0119 na zakupy bezpo\u015brednio u producenta.<\/p>\n<h2>Podsumowanie opinii o Proctowell<\/h2>\n<p>Zdecydowana wi\u0119kszo\u015b\u0107 u\u017cytkownik\u00f3w pozytywnie ocenia dzia\u0142anie Proctowell jako skutecznego wsparcia w walce z hemoroidami. Dzi\u0119ki naturalnemu sk\u0142adowi i szybkim efektom dzia\u0142ania, preparat zdoby\u0142 uznanie zar\u00f3wno w\u015br\u00f3d pacjent\u00f3w jak i lekarzy specjalist\u00f3w. Warto jednak pami\u0119ta\u0107 o indywidualnych reakcjach organizmu oraz ewentualnych przeciwwskazaniach przed rozpocz\u0119ciem kuracji tym produktem.<\/p>\n","protected":false},"excerpt":{"rendered":"<p>Hemoroidy to powszechny problem, kt\u00f3ry dotyka wiele os\u00f3b na ca\u0142ym \u015bwiecie. Objawiaj\u0105 si\u0119 one b\u00f3lem, sw\u0119dzeniem oraz dyskomfortem w okolicy odbytu. W odpowiedzi na te dolegliwo\u015bci, powsta\u0142 Proctowell \u2013 preparat stworzony z my\u015bl\u0105 o osobach cierpi\u0105cych na hemoroidy. Proctowell to naturalny suplement diety w formie kremu, kt\u00f3ry ma na celu \u0142agodzenie objaw\u00f3w zwi\u0105zanych z t\u0105 &#8230; <a title=\"Proctowell\" class=\"read-more\" href=\"https:\/\/mediqskin.pl\/sklep\/produkt\/proctowell\/\" aria-label=\"Read more about Proctowell\">Dowiedz si\u0119 wi\u0119cej<\/a><\/p>\n","protected":false},"featured_media":1652,"template":"","meta":[],"product_cat":[25],"product_tag":[],"class_list":{"0":"post-1650","1":"product","2":"type-product","3":"status-publish","4":"has-post-thumbnail","6":"product_cat-zdrowie","7":"sales-flash-overlay","8":"woocommerce-text-align-left","9":"woocommerce-image-align-center","10":"do-quantity-buttons","12":"first","13":"instock","14":"sale","15":"shipping-taxable","16":"product-type-external"},"yoast_head":"<!-- This site is optimized with the Yoast SEO plugin v23.9 - https:\/\/yoast.com\/wordpress\/plugins\/seo\/ -->\n<title>Proctowell - Opinie ludzi, Sk\u0142ad, Cena, Gdzie kupi\u0107? Forum<\/title>\n<meta name=\"robots\" content=\"index, follow, max-snippet:-1, max-image-preview:large, max-video-preview:-1\" \/>\n<link rel=\"canonical\" href=\"https:\/\/mediqskin.pl\/sklep\/produkt\/proctowell\/\" \/>\n<meta property=\"og:locale\" content=\"pl_PL\" \/>\n<meta property=\"og:type\" content=\"article\" \/>\n<meta property=\"og:title\" content=\"Proctowell - Opinie ludzi, Sk\u0142ad, Cena, Gdzie kupi\u0107? Forum\" \/>\n<meta property=\"og:description\" content=\"Hemoroidy to powszechny problem, kt\u00f3ry dotyka wiele os\u00f3b na ca\u0142ym \u015bwiecie. Objawiaj\u0105 si\u0119 one b\u00f3lem, sw\u0119dzeniem oraz dyskomfortem w okolicy odbytu. W odpowiedzi na te dolegliwo\u015bci, powsta\u0142 Proctowell \u2013 preparat stworzony z my\u015bl\u0105 o osobach cierpi\u0105cych na hemoroidy. Proctowell to naturalny suplement diety w formie kremu, kt\u00f3ry ma na celu \u0142agodzenie objaw\u00f3w zwi\u0105zanych z t\u0105 ... Dowiedz si\u0119 wi\u0119cej\" \/>\n<meta property=\"og:url\" content=\"https:\/\/mediqskin.pl\/sklep\/produkt\/proctowell\/\" \/>\n<meta property=\"og:site_name\" content=\"MediqSkin.pl\" \/>\n<meta property=\"article:modified_time\" content=\"2025-01-05T12:29:48+00:00\" \/>\n<meta property=\"og:image\" content=\"https:\/\/mediqskin.pl\/sklep\/wp-content\/uploads\/2025\/01\/proctowell-opinie.jpg\" \/>\n\t<meta property=\"og:image:width\" content=\"600\" \/>\n\t<meta property=\"og:image:height\" content=\"600\" \/>\n\t<meta property=\"og:image:type\" content=\"image\/jpeg\" \/>\n<meta name=\"twitter:card\" content=\"summary_large_image\" \/>\n<meta name=\"twitter:label1\" content=\"Szacowany czas czytania\" \/>\n\t<meta name=\"twitter:data1\" content=\"6 minut\" \/>\n<script type=\"application\/ld+json\" class=\"yoast-schema-graph\">{\"@context\":\"https:\/\/schema.org\",\"@graph\":[{\"@type\":\"WebPage\",\"@id\":\"https:\/\/mediqskin.pl\/sklep\/produkt\/proctowell\/\",\"url\":\"https:\/\/mediqskin.pl\/sklep\/produkt\/proctowell\/\",\"name\":\"Proctowell - Opinie ludzi, Sk\u0142ad, Cena, Gdzie kupi\u0107? Forum\",\"isPartOf\":{\"@id\":\"https:\/\/mediqskin.pl\/sklep\/#website\"},\"primaryImageOfPage\":{\"@id\":\"https:\/\/mediqskin.pl\/sklep\/produkt\/proctowell\/#primaryimage\"},\"image\":{\"@id\":\"https:\/\/mediqskin.pl\/sklep\/produkt\/proctowell\/#primaryimage\"},\"thumbnailUrl\":\"https:\/\/mediqskin.pl\/sklep\/wp-content\/uploads\/2025\/01\/proctowell-opinie.jpg\",\"datePublished\":\"2025-01-05T12:26:11+00:00\",\"dateModified\":\"2025-01-05T12:29:48+00:00\",\"breadcrumb\":{\"@id\":\"https:\/\/mediqskin.pl\/sklep\/produkt\/proctowell\/#breadcrumb\"},\"inLanguage\":\"pl-PL\",\"potentialAction\":[{\"@type\":\"ReadAction\",\"target\":[\"https:\/\/mediqskin.pl\/sklep\/produkt\/proctowell\/\"]}]},{\"@type\":\"ImageObject\",\"inLanguage\":\"pl-PL\",\"@id\":\"https:\/\/mediqskin.pl\/sklep\/produkt\/proctowell\/#primaryimage\",\"url\":\"https:\/\/mediqskin.pl\/sklep\/wp-content\/uploads\/2025\/01\/proctowell-opinie.jpg\",\"contentUrl\":\"https:\/\/mediqskin.pl\/sklep\/wp-content\/uploads\/2025\/01\/proctowell-opinie.jpg\",\"width\":600,\"height\":600},{\"@type\":\"BreadcrumbList\",\"@id\":\"https:\/\/mediqskin.pl\/sklep\/produkt\/proctowell\/#breadcrumb\",\"itemListElement\":[{\"@type\":\"ListItem\",\"position\":1,\"name\":\"Strona g\u0142\u00f3wna\",\"item\":\"https:\/\/mediqskin.pl\/sklep\/\"},{\"@type\":\"ListItem\",\"position\":2,\"name\":\"Produkty\",\"item\":\"https:\/\/mediqskin.pl\/sklep\/shop\/\"},{\"@type\":\"ListItem\",\"position\":3,\"name\":\"Proctowell\"}]},{\"@type\":\"WebSite\",\"@id\":\"https:\/\/mediqskin.pl\/sklep\/#website\",\"url\":\"https:\/\/mediqskin.pl\/sklep\/\",\"name\":\"MediqSkin.pl\",\"description\":\"\",\"potentialAction\":[{\"@type\":\"SearchAction\",\"target\":{\"@type\":\"EntryPoint\",\"urlTemplate\":\"https:\/\/mediqskin.pl\/sklep\/?s={search_term_string}\"},\"query-input\":{\"@type\":\"PropertyValueSpecification\",\"valueRequired\":true,\"valueName\":\"search_term_string\"}}],\"inLanguage\":\"pl-PL\"}]}<\/script>\n<!-- \/ Yoast SEO plugin. -->","yoast_head_json":{"title":"Proctowell - Opinie ludzi, Sk\u0142ad, Cena, Gdzie kupi\u0107? Forum","robots":{"index":"index","follow":"follow","max-snippet":"max-snippet:-1","max-image-preview":"max-image-preview:large","max-video-preview":"max-video-preview:-1"},"canonical":"https:\/\/mediqskin.pl\/sklep\/produkt\/proctowell\/","og_locale":"pl_PL","og_type":"article","og_title":"Proctowell - Opinie ludzi, Sk\u0142ad, Cena, Gdzie kupi\u0107? Forum","og_description":"Hemoroidy to powszechny problem, kt\u00f3ry dotyka wiele os\u00f3b na ca\u0142ym \u015bwiecie. Objawiaj\u0105 si\u0119 one b\u00f3lem, sw\u0119dzeniem oraz dyskomfortem w okolicy odbytu. W odpowiedzi na te dolegliwo\u015bci, powsta\u0142 Proctowell \u2013 preparat stworzony z my\u015bl\u0105 o osobach cierpi\u0105cych na hemoroidy. Proctowell to naturalny suplement diety w formie kremu, kt\u00f3ry ma na celu \u0142agodzenie objaw\u00f3w zwi\u0105zanych z t\u0105 ... Dowiedz si\u0119 wi\u0119cej","og_url":"https:\/\/mediqskin.pl\/sklep\/produkt\/proctowell\/","og_site_name":"MediqSkin.pl","article_modified_time":"2025-01-05T12:29:48+00:00","og_image":[{"width":600,"height":600,"url":"https:\/\/mediqskin.pl\/sklep\/wp-content\/uploads\/2025\/01\/proctowell-opinie.jpg","type":"image\/jpeg"}],"twitter_card":"summary_large_image","twitter_misc":{"Szacowany czas czytania":"6 minut"},"schema":{"@context":"https:\/\/schema.org","@graph":[{"@type":"WebPage","@id":"https:\/\/mediqskin.pl\/sklep\/produkt\/proctowell\/","url":"https:\/\/mediqskin.pl\/sklep\/produkt\/proctowell\/","name":"Proctowell - Opinie ludzi, Sk\u0142ad, Cena, Gdzie kupi\u0107? Forum","isPartOf":{"@id":"https:\/\/mediqskin.pl\/sklep\/#website"},"primaryImageOfPage":{"@id":"https:\/\/mediqskin.pl\/sklep\/produkt\/proctowell\/#primaryimage"},"image":{"@id":"https:\/\/mediqskin.pl\/sklep\/produkt\/proctowell\/#primaryimage"},"thumbnailUrl":"https:\/\/mediqskin.pl\/sklep\/wp-content\/uploads\/2025\/01\/proctowell-opinie.jpg","datePublished":"2025-01-05T12:26:11+00:00","dateModified":"2025-01-05T12:29:48+00:00","breadcrumb":{"@id":"https:\/\/mediqskin.pl\/sklep\/produkt\/proctowell\/#breadcrumb"},"inLanguage":"pl-PL","potentialAction":[{"@type":"ReadAction","target":["https:\/\/mediqskin.pl\/sklep\/produkt\/proctowell\/"]}]},{"@type":"ImageObject","inLanguage":"pl-PL","@id":"https:\/\/mediqskin.pl\/sklep\/produkt\/proctowell\/#primaryimage","url":"https:\/\/mediqskin.pl\/sklep\/wp-content\/uploads\/2025\/01\/proctowell-opinie.jpg","contentUrl":"https:\/\/mediqskin.pl\/sklep\/wp-content\/uploads\/2025\/01\/proctowell-opinie.jpg","width":600,"height":600},{"@type":"BreadcrumbList","@id":"https:\/\/mediqskin.pl\/sklep\/produkt\/proctowell\/#breadcrumb","itemListElement":[{"@type":"ListItem","position":1,"name":"Strona g\u0142\u00f3wna","item":"https:\/\/mediqskin.pl\/sklep\/"},{"@type":"ListItem","position":2,"name":"Produkty","item":"https:\/\/mediqskin.pl\/sklep\/shop\/"},{"@type":"ListItem","position":3,"name":"Proctowell"}]},{"@type":"WebSite","@id":"https:\/\/mediqskin.pl\/sklep\/#website","url":"https:\/\/mediqskin.pl\/sklep\/","name":"MediqSkin.pl","description":"","potentialAction":[{"@type":"SearchAction","target":{"@type":"EntryPoint","urlTemplate":"https:\/\/mediqskin.pl\/sklep\/?s={search_term_string}"},"query-input":{"@type":"PropertyValueSpecification","valueRequired":true,"valueName":"search_term_string"}}],"inLanguage":"pl-PL"}]}},"_links":{"self":[{"href":"https:\/\/mediqskin.pl\/sklep\/wp-json\/wp\/v2\/product\/1650","targetHints":{"allow":["GET"]}}],"collection":[{"href":"https:\/\/mediqskin.pl\/sklep\/wp-json\/wp\/v2\/product"}],"about":[{"href":"https:\/\/mediqskin.pl\/sklep\/wp-json\/wp\/v2\/types\/product"}],"wp:featuredmedia":[{"embeddable":true,"href":"https:\/\/mediqskin.pl\/sklep\/wp-json\/wp\/v2\/media\/1652"}],"wp:attachment":[{"href":"https:\/\/mediqskin.pl\/sklep\/wp-json\/wp\/v2\/media?parent=1650"}],"wp:term":[{"taxonomy":"product_cat","embeddable":true,"href":"https:\/\/mediqskin.pl\/sklep\/wp-json\/wp\/v2\/product_cat?post=1650"},{"taxonomy":"product_tag","embeddable":true,"href":"https:\/\/mediqskin.pl\/sklep\/wp-json\/wp\/v2\/product_tag?post=1650"}],"curies":[{"name":"wp","href":"https:\/\/api.w.org\/{rel}","templated":true}]}}